{"id":70,"date":"2019-12-25T12:46:45","date_gmt":"2019-12-25T12:46:45","guid":{"rendered":"http:\/\/tc-buttisholz.ch\/new\/?page_id=70"},"modified":"2025-02-23T11:30:06","modified_gmt":"2025-02-23T11:30:06","slug":"sponsoren","status":"publish","type":"page","link":"http:\/\/tc-buttisholz.ch\/new\/sponsoren\/","title":{"rendered":"Sponsoren"},"content":{"rendered":"\n<p class=\"has-medium-font-size\">Wir danken allen unsere Sponsoren &amp; G\u00f6nner f\u00fcr die tolle Unterst\u00fctzung!<\/p>\n\n\n\n<p>Unsere Sponsoren &amp; G\u00f6nner:<\/p>\n\n\n\n<figure class=\"wp-block-table is-style-stripes\"><table class=\"has-background\" style=\"background-color:#e7f5fe\"><tbody><tr><td>Affentranger Auto AG, Buttisholz<\/td><td>Aregger AG, Buttisholz<\/td><\/tr><tr><td>arnoldsursee ag, Sursee<\/td><td>Huwyler Sport, Berom\u00fcnster<\/td><\/tr><tr><td>Vitali + M\u00fcller Carrosserie, Oberkirch<\/td><td>Coiffure belleHair, Buttisholz<\/td><\/tr><tr><td>FaBuS, Wolhusen<\/td><td>Go for Winning, Wolhusen<\/td><\/tr><tr><td>Gemeinde Buttisholz<\/td><td>H. B\u00fchlmann Bauunternehmung, Buttisholz<\/td><\/tr><tr><td>Swisslos<\/td><td>Keller Haustechnik GmbH, Notwil<\/td><\/tr><tr><td>Korporation Buttisholz<\/td><td>Luzerner Kantonalbank, Ruswil<\/td><\/tr><tr><td>Metzgerei Schnyder, Buttisholz<\/td><td>Meyer Blech Technik AG, Buttisholz<\/td><\/tr><tr><td>Tennisbau AG, Reiden<\/td><td>Tschopp Holzindustrie AG, Buttisholz<\/td><\/tr><tr><td>fi fa fo Buttisholz<\/td><td>Carsa Huby Meier AG, Grosswangen<\/td><\/tr><tr><td><\/td><td><\/td><\/tr><\/tbody><\/table><\/figure>\n\n\n\n<p class=\"has-medium-font-size\">M\u00f6chten auch Sie Sponsor oder G\u00f6nner beim TC Buttisholz werden &#8211; hier erhalten Sie alle Informationen dazu:<\/p>\n\n\n\n<div class=\"wp-block-file\"><a id=\"wp-block-file--media-42156a46-8eb5-4c05-9e8c-a57e7aa519c9\" href=\"http:\/\/tc-buttisholz.ch\/new\/wp-content\/uploads\/2021\/01\/Werbeblache-TC-Buttisholz-1.pdf\">Informationen Sponsoring<\/a><a href=\"http:\/\/tc-buttisholz.ch\/new\/wp-content\/uploads\/2021\/01\/Werbeblache-TC-Buttisholz-1.pdf\" class=\"wp-block-file__button wp-element-button\" download aria-describedby=\"wp-block-file--media-42156a46-8eb5-4c05-9e8c-a57e7aa519c9\">Herunterladen<\/a><\/div>\n\n\n\n<div class=\"wp-block-file\"><a id=\"wp-block-file--media-67145ca5-0f3e-4b5c-b76a-4229b8dbda36\" href=\"http:\/\/tc-buttisholz.ch\/new\/wp-content\/uploads\/2021\/01\/Werbebande-Anmeldung-1.pdf\">Anmeldung<\/a><a href=\"http:\/\/tc-buttisholz.ch\/new\/wp-content\/uploads\/2021\/01\/Werbebande-Anmeldung-1.pdf\" class=\"wp-block-file__button wp-element-button\" download aria-describedby=\"wp-block-file--media-67145ca5-0f3e-4b5c-b76a-4229b8dbda36\">Herunterladen<\/a><\/div>\n\n\n\n<p>Wenn Sie Fragen haben oder weitere Informationen w\u00fcnsche, d\u00fcrfen Sie sich gerne bei unserer Marketing-Verantwortlichen, Stefanie Steiner, melden: <a href=\"mailto:stefanie.steiner@marketing-tcbuttisholz.ch\">marketing@tcbuttisholz.ch<\/a>.<\/p>\n\n\n\n<h2 class=\"wp-block-heading\">Wir freuen uns auf Sie!<\/h2>\n","protected":false},"excerpt":{"rendered":"<p>Wir danken allen unsere Sponsoren &amp; G\u00f6nner f\u00fcr die tolle Unterst\u00fctzung! Unsere Sponsoren &amp; G\u00f6nner: Affentranger Auto AG, Buttisholz Aregger&hellip;<\/p>\n","protected":false},"author":1,"featured_media":0,"parent":0,"menu_order":0,"comment_status":"closed","ping_status":"closed","template":"","meta":{"_lmt_disableupdate":"no","_lmt_disable":"","footnotes":""},"class_list":["post-70","page","type-page","status-publish","hentry"],"_links":{"self":[{"href":"http:\/\/tc-buttisholz.ch\/new\/wp-json\/wp\/v2\/pages\/70","targetHints":{"allow":["GET"]}}],"collection":[{"href":"http:\/\/tc-buttisholz.ch\/new\/wp-json\/wp\/v2\/pages"}],"about":[{"href":"http:\/\/tc-buttisholz.ch\/new\/wp-json\/wp\/v2\/types\/page"}],"author":[{"embeddable":true,"href":"http:\/\/tc-buttisholz.ch\/new\/wp-json\/wp\/v2\/users\/1"}],"replies":[{"embeddable":true,"href":"http:\/\/tc-buttisholz.ch\/new\/wp-json\/wp\/v2\/comments?post=70"}],"version-history":[{"count":16,"href":"http:\/\/tc-buttisholz.ch\/new\/wp-json\/wp\/v2\/pages\/70\/revisions"}],"predecessor-version":[{"id":704,"href":"http:\/\/tc-buttisholz.ch\/new\/wp-json\/wp\/v2\/pages\/70\/revisions\/704"}],"wp:attachment":[{"href":"http:\/\/tc-buttisholz.ch\/new\/wp-json\/wp\/v2\/media?parent=70"}],"curies":[{"name":"wp","href":"https:\/\/api.w.org\/{rel}","templated":true}]}}