{"id":58,"date":"2019-12-25T12:45:52","date_gmt":"2019-12-25T12:45:52","guid":{"rendered":"http:\/\/tc-buttisholz.ch\/new\/?page_id=58"},"modified":"2025-08-30T04:33:35","modified_gmt":"2025-08-30T04:33:35","slug":"tennisunterricht","status":"publish","type":"page","link":"http:\/\/tc-buttisholz.ch\/new\/tennisunterricht\/","title":{"rendered":"Tennisunterricht"},"content":{"rendered":"\n<p>F\u00fcr den Tennisunterricht von Jung und \u00c4lter arbeiten wir mit Ilya Mishchenko und seiner MMC Tennisschule zusammen.<\/p>\n\n\n\n<p>F\u00fcr weitere Informationen bitte den Vorstand oder direkt Ilya Mishchenko (<a href=\"https:\/\/www.mmcathletiktraining.com\/general-6\" data-type=\"link\" data-id=\"https:\/\/www.mmcathletiktraining.com\/general-6\" target=\"_blank\" rel=\"noreferrer noopener\">https:\/\/www.mmcathletiktraining.com\/general-6<\/a>) kontaktieren. <\/p>\n","protected":false},"excerpt":{"rendered":"<p>F\u00fcr den Tennisunterricht von Jung und \u00c4lter arbeiten wir mit Ilya Mishchenko und seiner MMC Tennisschule zusammen. F\u00fcr weitere Informationen&hellip;<\/p>\n","protected":false},"author":1,"featured_media":0,"parent":0,"menu_order":0,"comment_status":"closed","ping_status":"closed","template":"","meta":{"_lmt_disableupdate":"no","_lmt_disable":"yes","footnotes":""},"class_list":["post-58","page","type-page","status-publish","hentry"],"_links":{"self":[{"href":"http:\/\/tc-buttisholz.ch\/new\/wp-json\/wp\/v2\/pages\/58","targetHints":{"allow":["GET"]}}],"collection":[{"href":"http:\/\/tc-buttisholz.ch\/new\/wp-json\/wp\/v2\/pages"}],"about":[{"href":"http:\/\/tc-buttisholz.ch\/new\/wp-json\/wp\/v2\/types\/page"}],"author":[{"embeddable":true,"href":"http:\/\/tc-buttisholz.ch\/new\/wp-json\/wp\/v2\/users\/1"}],"replies":[{"embeddable":true,"href":"http:\/\/tc-buttisholz.ch\/new\/wp-json\/wp\/v2\/comments?post=58"}],"version-history":[{"count":10,"href":"http:\/\/tc-buttisholz.ch\/new\/wp-json\/wp\/v2\/pages\/58\/revisions"}],"predecessor-version":[{"id":789,"href":"http:\/\/tc-buttisholz.ch\/new\/wp-json\/wp\/v2\/pages\/58\/revisions\/789"}],"wp:attachment":[{"href":"http:\/\/tc-buttisholz.ch\/new\/wp-json\/wp\/v2\/media?parent=58"}],"curies":[{"name":"wp","href":"https:\/\/api.w.org\/{rel}","templated":true}]}}